{"id":4951,"date":"2026-04-28T14:32:30","date_gmt":"2026-04-28T12:32:30","guid":{"rendered":"https:\/\/randos-de-saint-math.fr\/?page_id=4951"},"modified":"2026-04-28T14:35:03","modified_gmt":"2026-04-28T12:35:03","slug":"notre-soutien-pour-2026","status":"publish","type":"page","link":"https:\/\/randos-de-saint-math.fr\/?page_id=4951","title":{"rendered":"Notre soutien pour 2026"},"content":{"rendered":"\n<p><em>Les b\u00e9n\u00e9fices de la journ\u00e9e seront revers\u00e9s \u00e0 l\u2019<strong>association Happy Benji<\/strong>, \u00e0 laquelle nous apportons notre soutien pour les soins de Benjamin 12 ans qui est atteint d\u2019une maladie g\u00e9n\u00e9tique rare, ainsi qu&rsquo;\u00e0 la <strong>famille d&rsquo;Augustin<\/strong> qui recherche des fonds pour s&rsquo;\u00e9quiper d&rsquo;un fauteuil hippocampe tout terrain afin qu&rsquo;il puisse profiter pleinement de ses sorties en plein air.<\/em><\/p>\n\n\n\n<div data-wp-interactive=\"core\/file\" class=\"wp-block-file\"><object data-wp-bind--hidden=\"!state.hasPdfPreview\" hidden class=\"wp-block-file__embed\" data=\"https:\/\/randos-de-saint-math.fr\/wp-content\/uploads\/2026\/04\/Flyer-Happy-Benji-presentationgenerale.pdf\" type=\"application\/pdf\" style=\"width:100%;height:600px\" aria-label=\"Contenu embarqu\u00e9 Flyer Happy Benji presentationgenerale.\"><\/object><a id=\"wp-block-file--media-4cf667db-f03e-4a58-856d-adf7e2e40853\" href=\"https:\/\/randos-de-saint-math.fr\/wp-content\/uploads\/2026\/04\/Flyer-Happy-Benji-presentationgenerale.pdf\">Flyer Happy Benji presentationgenerale<\/a><a href=\"https:\/\/randos-de-saint-math.fr\/wp-content\/uploads\/2026\/04\/Flyer-Happy-Benji-presentationgenerale.pdf\" class=\"wp-block-file__button wp-element-button\" download aria-describedby=\"wp-block-file--media-4cf667db-f03e-4a58-856d-adf7e2e40853\">T\u00e9l\u00e9charger<\/a><\/div>\n\n\n\n<div data-wp-interactive=\"core\/file\" class=\"wp-block-file\"><object data-wp-bind--hidden=\"!state.hasPdfPreview\" hidden class=\"wp-block-file__embed\" data=\"https:\/\/randos-de-saint-math.fr\/wp-content\/uploads\/2026\/04\/Augustin.pdf\" type=\"application\/pdf\" style=\"width:100%;height:600px\" aria-label=\"Contenu embarqu\u00e9 Augustin.\"><\/object><a id=\"wp-block-file--media-8beaa72d-4118-47ed-9aaa-68ddc5335898\" href=\"https:\/\/randos-de-saint-math.fr\/wp-content\/uploads\/2026\/04\/Augustin.pdf\">Augustin<\/a><a href=\"https:\/\/randos-de-saint-math.fr\/wp-content\/uploads\/2026\/04\/Augustin.pdf\" class=\"wp-block-file__button wp-element-button\" download aria-describedby=\"wp-block-file--media-8beaa72d-4118-47ed-9aaa-68ddc5335898\">T\u00e9l\u00e9charger<\/a><\/div>\n\n\n\n<p>Merci \u00e0 tous pour votre soutien,<\/p>\n\n\n\n<p>Les RDSM<\/p>\n","protected":false},"excerpt":{"rendered":"<p>Les b\u00e9n\u00e9fices de la journ\u00e9e seront revers\u00e9s \u00e0 l\u2019association Happy Benji, \u00e0 laquelle nous apportons notre soutien pour les soins de Benjamin 12 ans qui est atteint d\u2019une maladie g\u00e9n\u00e9tique rare, ainsi qu&rsquo;\u00e0 la famille d&rsquo;Augustin qui recherche des fonds &hellip; <a href=\"https:\/\/randos-de-saint-math.fr\/?page_id=4951\">Continuer la lecture <span class=\"meta-nav\">&rarr;<\/span><\/a><\/p>\n","protected":false},"author":1,"featured_media":0,"parent":0,"menu_order":0,"comment_status":"closed","ping_status":"closed","template":"","meta":{"footnotes":""},"class_list":["post-4951","page","type-page","status-publish","hentry"],"_links":{"self":[{"href":"https:\/\/randos-de-saint-math.fr\/index.php?rest_route=\/wp\/v2\/pages\/4951","targetHints":{"allow":["GET"]}}],"collection":[{"href":"https:\/\/randos-de-saint-math.fr\/index.php?rest_route=\/wp\/v2\/pages"}],"about":[{"href":"https:\/\/randos-de-saint-math.fr\/index.php?rest_route=\/wp\/v2\/types\/page"}],"author":[{"embeddable":true,"href":"https:\/\/randos-de-saint-math.fr\/index.php?rest_route=\/wp\/v2\/users\/1"}],"replies":[{"embeddable":true,"href":"https:\/\/randos-de-saint-math.fr\/index.php?rest_route=%2Fwp%2Fv2%2Fcomments&post=4951"}],"version-history":[{"count":2,"href":"https:\/\/randos-de-saint-math.fr\/index.php?rest_route=\/wp\/v2\/pages\/4951\/revisions"}],"predecessor-version":[{"id":4957,"href":"https:\/\/randos-de-saint-math.fr\/index.php?rest_route=\/wp\/v2\/pages\/4951\/revisions\/4957"}],"wp:attachment":[{"href":"https:\/\/randos-de-saint-math.fr\/index.php?rest_route=%2Fwp%2Fv2%2Fmedia&parent=4951"}],"curies":[{"name":"wp","href":"https:\/\/api.w.org\/{rel}","templated":true}]}}