{"id":4940,"date":"2026-04-24T11:27:51","date_gmt":"2026-04-24T09:27:51","guid":{"rendered":"https:\/\/randos-de-saint-math.fr\/?page_id=4940"},"modified":"2026-04-24T11:27:51","modified_gmt":"2026-04-24T09:27:51","slug":"inscriptions-randonnee-marche-canoe","status":"publish","type":"page","link":"https:\/\/randos-de-saint-math.fr\/?page_id=4940","title":{"rendered":"Inscriptions Randonn\u00e9e Marche &amp; Cano\u00eb"},"content":{"rendered":"\n<p>Envie d&rsquo;\u00e9vasion pour votre randonn\u00e9e ? Inscrivez vous pour notre randonn\u00e9e combinant marche et descente en cano\u00eb :<\/p>\n\n\n\n<ul class=\"wp-block-list\">\n<li>Envoyer votre demande d&rsquo;inscription avant le 20 mai en pr\u00e9cisant vos coordonn\u00e9es mail et t\u00e9l\u00e9phone et le nombre de participants :<br>Par mail : les.randos.de.saint.math@gmail.com<br>Ou t\u00e9l\u00e9phone : 06.16.39.00.88<br><\/li>\n\n\n\n<li>Programme :<br>Accueil des participants au stade de Saint-Mathurin le dimanche matin \u00e0 8h<br>Randonn\u00e9e marche de 8h30 \u00e0 10h30 jusqu&rsquo;au Thoureil<br>Ravitaillement au Port du Thoureil<br>Descente en cano\u00eb 2 ou 3 places jusqu&rsquo;\u00e0 Saint-Mathurin<br>Retour au stade sur le site des RDSM pour le d\u00e9jeuner inclus<\/li>\n<\/ul>\n\n\n\n<figure class=\"wp-block-image size-full is-resized\"><img loading=\"lazy\" decoding=\"async\" width=\"800\" height=\"600\" src=\"https:\/\/randos-de-saint-math.fr\/wp-content\/uploads\/2026\/04\/canoe_1.jpg\" alt=\"\" class=\"wp-image-4941\" style=\"aspect-ratio:1.3232758620689655;width:479px;height:auto\" srcset=\"https:\/\/randos-de-saint-math.fr\/wp-content\/uploads\/2026\/04\/canoe_1.jpg 800w, https:\/\/randos-de-saint-math.fr\/wp-content\/uploads\/2026\/04\/canoe_1-300x225.jpg 300w, https:\/\/randos-de-saint-math.fr\/wp-content\/uploads\/2026\/04\/canoe_1-768x576.jpg 768w, https:\/\/randos-de-saint-math.fr\/wp-content\/uploads\/2026\/04\/canoe_1-400x300.jpg 400w\" sizes=\"auto, (max-width: 800px) 100vw, 800px\" \/><\/figure>\n\n\n\n<p><\/p>\n","protected":false},"excerpt":{"rendered":"<p>Envie d&rsquo;\u00e9vasion pour votre randonn\u00e9e ? Inscrivez vous pour notre randonn\u00e9e combinant marche et descente en cano\u00eb :<\/p>\n","protected":false},"author":1,"featured_media":0,"parent":0,"menu_order":0,"comment_status":"closed","ping_status":"closed","template":"","meta":{"footnotes":""},"class_list":["post-4940","page","type-page","status-publish","hentry"],"_links":{"self":[{"href":"https:\/\/randos-de-saint-math.fr\/index.php?rest_route=\/wp\/v2\/pages\/4940","targetHints":{"allow":["GET"]}}],"collection":[{"href":"https:\/\/randos-de-saint-math.fr\/index.php?rest_route=\/wp\/v2\/pages"}],"about":[{"href":"https:\/\/randos-de-saint-math.fr\/index.php?rest_route=\/wp\/v2\/types\/page"}],"author":[{"embeddable":true,"href":"https:\/\/randos-de-saint-math.fr\/index.php?rest_route=\/wp\/v2\/users\/1"}],"replies":[{"embeddable":true,"href":"https:\/\/randos-de-saint-math.fr\/index.php?rest_route=%2Fwp%2Fv2%2Fcomments&post=4940"}],"version-history":[{"count":1,"href":"https:\/\/randos-de-saint-math.fr\/index.php?rest_route=\/wp\/v2\/pages\/4940\/revisions"}],"predecessor-version":[{"id":4942,"href":"https:\/\/randos-de-saint-math.fr\/index.php?rest_route=\/wp\/v2\/pages\/4940\/revisions\/4942"}],"wp:attachment":[{"href":"https:\/\/randos-de-saint-math.fr\/index.php?rest_route=%2Fwp%2Fv2%2Fmedia&parent=4940"}],"curies":[{"name":"wp","href":"https:\/\/api.w.org\/{rel}","templated":true}]}}